{"id":420,"date":"2023-10-03T11:29:37","date_gmt":"2023-10-03T09:29:37","guid":{"rendered":"https:\/\/digital-experience.pl\/?page_id=420"},"modified":"2023-10-03T17:13:28","modified_gmt":"2023-10-03T15:13:28","slug":"branza-budowlana","status":"publish","type":"page","link":"https:\/\/digital-experience.pl\/?page_id=420","title":{"rendered":"Bran\u017ca budowlana"},"content":{"rendered":"<h1>Digital Marketing nie jest dla bran\u017cy budowlanej? Nic bardziej mylnego!<\/h1>\r\n<p>&nbsp;<\/p>\r\n\r\n<p class=\"has-primary-font-family\" style=\"margin-top: var(--wp--preset--spacing--80); margin-bottom: var(--wp--preset--spacing--80);\">Od pocz\u0105tku naszej dzia\u0142alno\u015bci wsp\u00f3\u0142pracujemy z Klientami z <b>bran\u017cy budowlanej<\/b> oraz<b> bran\u017cy nieruchomo\u015bci.<\/b> Dzi\u0119ki temu zdobyli\u015bmy <strong>do\u015bwiadczenie<\/strong>, kt\u00f3re wykorzystujemy przy dalszej wsp\u00f3\u0142pracy z naszymi Klientami. Znamy zachowania i preferencje grup odbiorc\u00f3w (jakimi s\u0105 nie tylko osoby buduj\u0105ce dom ale tak\u017ce firmy deweloperskie) i wykorzystujemy to podczas pracy nad strategi\u0105 komunikacji dla marek naszych Klient\u00f3w. \r\n\r\n<\/p>\r\n<h3>Gar\u015b\u0107 statystyk<\/h3>\r\n<p class=\"has-primary-font-family\" style=\"font-size: 50px;\">\r\n\r\n<\/p>\r\n<p class=\"has-primary-font-family\" style=\"margin-top: var(--wp--preset--spacing--80); margin-bottom: var(--wp--preset--spacing--80);\">W ci\u0105gu miesi\u0105ca u jednego naszych Klient\u00f3w z bran\u017cy budowlanej <strong>podwoili\u015bmy liczb\u0119 nowych u\u017cytkownik\u00f3w odwiedzaj\u0105cych jego stron\u0119 internetow\u0105.<\/strong> Zrobili\u015bmy to dzi\u0119ki regularnej optymalizacji strony pod kontem SEO oraz u\u0142atwianiu zindeksowania poszczeg\u00f3lnych podstron robotom np. robotowi Google&#8217;a, dzi\u0119ki czemu uzyskali\u015bmy wy\u017csz\u0105 pozycj\u0119 w wyszukiwarce. <\/p>\r\n<center><img decoding=\"async\" class=\"alignnone wp-image-421 size-full\" src=\"https:\/\/digital-experience.pl\/wp-content\/uploads\/2023\/10\/Zrzut-ekranu-2023-10-3-o-09.21.20.png\" alt=\"\" width=\"784\" height=\"401\" srcset=\"https:\/\/digital-experience.pl\/wp-content\/uploads\/2023\/10\/Zrzut-ekranu-2023-10-3-o-09.21.20.png 784w, https:\/\/digital-experience.pl\/wp-content\/uploads\/2023\/10\/Zrzut-ekranu-2023-10-3-o-09.21.20-300x153.png 300w, https:\/\/digital-experience.pl\/wp-content\/uploads\/2023\/10\/Zrzut-ekranu-2023-10-3-o-09.21.20-768x393.png 768w\" sizes=\"(max-width: 784px) 100vw, 784px\" \/><\/center>\r\n<p class=\"has-primary-font-family\" style=\"margin-top: var(--wp--preset--spacing--80); margin-bottom: var(--wp--preset--spacing--80);\"><br \/><\/p>\r\n<p class=\"has-primary-font-family\" style=\"margin-top: var(--wp--preset--spacing--80); margin-bottom: var(--wp--preset--spacing--80);\">W ci\u0105gu tego samego miesi\u0105ca strona naszego Klienta <strong>wy\u015bwietla\u0142a si\u0119 w wynikach wyszukiwania Google&#8217;a ponad dwa razy cz\u0119\u015bciej,<\/strong> co spowodowa\u0142o tak\u017ce wzrost liczby klikni\u0119\u0107, kt\u00f3re skutkowa\u0142y przej\u015bciem na stron\u0119 internetow\u0105. Spadek CTR (wsp\u00f3\u0142czynnika klikalno\u015bci) oraz obni\u017cenie \u015bredniej pozycji w wyszukiwarce s\u0105 spowodowane du\u017cym wzrostem liczby wy\u015bwietle\u0144. Aktualnie pracujemy nad podniesieniem tej pozycji. Wyniki dzia\u0142a\u0144 przedstawimy ju\u017c wkr\u00f3tce!  \u00a0<\/p>\r\n<center><img decoding=\"async\" class=\"alignnone wp-image-422 size-large\" src=\"https:\/\/digital-experience.pl\/wp-content\/uploads\/2023\/10\/Zrzut-ekranu-2023-10-3-o-09.29.26-1024x416.png\" alt=\"\" width=\"1024\" height=\"416\" srcset=\"https:\/\/digital-experience.pl\/wp-content\/uploads\/2023\/10\/Zrzut-ekranu-2023-10-3-o-09.29.26-1024x416.png 1024w, https:\/\/digital-experience.pl\/wp-content\/uploads\/2023\/10\/Zrzut-ekranu-2023-10-3-o-09.29.26-300x122.png 300w, https:\/\/digital-experience.pl\/wp-content\/uploads\/2023\/10\/Zrzut-ekranu-2023-10-3-o-09.29.26-768x312.png 768w, https:\/\/digital-experience.pl\/wp-content\/uploads\/2023\/10\/Zrzut-ekranu-2023-10-3-o-09.29.26.png 1091w\" sizes=\"(max-width: 1024px) 100vw, 1024px\" \/><\/center>\r\n<p class=\"has-primary-font-family\" style=\"margin-top: var(--wp--preset--spacing--80); margin-bottom: var(--wp--preset--spacing--80);\">\u00a0 <br \/><\/p>\r\n<p class=\"has-primary-font-family\" style=\"margin-top: var(--wp--preset--spacing--80); margin-bottom: var(--wp--preset--spacing--80);\">Inny Klient z bran\u017cy budowlanej wi\u0119ksz\u0105 uwag\u0119 przywi\u0105zuje do dzia\u0142a\u0144 prowadzonych na Facebooku. W czasie pierwszego miesi\u0105ca wsp\u00f3\u0142pracy z nami <strong>wygenerowali\u015bmy ponad 500% wzrostu zasi\u0119gu,<\/strong> dzi\u0119ki regularnej publikacji autentycznego contentu oraz tre\u015bciom wideo. Nie tylko na Instagramie rolki generuj\u0105 wysokie zasi\u0119gi. <\/p>\r\n<center><img decoding=\"async\" class=\"alignnone wp-image-423 size-large\" src=\"https:\/\/digital-experience.pl\/wp-content\/uploads\/2023\/10\/Zrzut-ekranu-2023-10-3-o-09.36.42-1024x423.png\" alt=\"\" width=\"1024\" height=\"423\" srcset=\"https:\/\/digital-experience.pl\/wp-content\/uploads\/2023\/10\/Zrzut-ekranu-2023-10-3-o-09.36.42-1024x423.png 1024w, https:\/\/digital-experience.pl\/wp-content\/uploads\/2023\/10\/Zrzut-ekranu-2023-10-3-o-09.36.42-300x124.png 300w, https:\/\/digital-experience.pl\/wp-content\/uploads\/2023\/10\/Zrzut-ekranu-2023-10-3-o-09.36.42-768x317.png 768w, https:\/\/digital-experience.pl\/wp-content\/uploads\/2023\/10\/Zrzut-ekranu-2023-10-3-o-09.36.42.png 1073w\" sizes=\"(max-width: 1024px) 100vw, 1024px\" \/><\/center>\r\n<p class=\"has-primary-font-family\" style=\"margin-top: var(--wp--preset--spacing--80); margin-bottom: var(--wp--preset--spacing--80);\"><br \/><\/p>\r\n<center><\/center><center>\u00a0<\/center>\r\n<p class=\"has-primary-font-family\" style=\"margin-top: var(--wp--preset--spacing--80); margin-bottom: var(--wp--preset--spacing--80);\"><br \/><br \/><\/p>","protected":false},"excerpt":{"rendered":"<p>Digital Marketing nie jest dla bran\u017cy budowlanej? Nic bardziej mylnego! &nbsp; Od pocz\u0105tku naszej dzia\u0142alno\u015bci wsp\u00f3\u0142pracujemy z Klientami z bran\u017cy budowlanej oraz bran\u017cy nieruchomo\u015bci. Dzi\u0119ki temu zdobyli\u015bmy do\u015bwiadczenie, kt\u00f3re wykorzystujemy przy dalszej wsp\u00f3\u0142pracy z naszymi Klientami. Znamy zachowania i preferencje grup odbiorc\u00f3w (jakimi s\u0105 nie tylko osoby buduj\u0105ce dom ale tak\u017ce firmy deweloperskie) i wykorzystujemy to podczas pracy nad strategi\u0105 komunikacji dla marek naszych Klient\u00f3w. Gar\u015b\u0107 statystyk W ci\u0105gu miesi\u0105ca u jednego naszych Klient\u00f3w z bran\u017cy budowlanej podwoili\u015bmy liczb\u0119 nowych u\u017cytkownik\u00f3w odwiedzaj\u0105cych jego stron\u0119 internetow\u0105. Zrobili\u015bmy to dzi\u0119ki regularnej optymalizacji strony pod kontem SEO oraz u\u0142atwianiu zindeksowania poszczeg\u00f3lnych podstron robotom<\/p>\n","protected":false},"author":2,"featured_media":0,"parent":0,"menu_order":0,"comment_status":"closed","ping_status":"closed","template":"","meta":{"footnotes":""},"class_list":["post-420","page","type-page","status-publish","hentry"],"_links":{"self":[{"href":"https:\/\/digital-experience.pl\/index.php?rest_route=\/wp\/v2\/pages\/420","targetHints":{"allow":["GET"]}}],"collection":[{"href":"https:\/\/digital-experience.pl\/index.php?rest_route=\/wp\/v2\/pages"}],"about":[{"href":"https:\/\/digital-experience.pl\/index.php?rest_route=\/wp\/v2\/types\/page"}],"author":[{"embeddable":true,"href":"https:\/\/digital-experience.pl\/index.php?rest_route=\/wp\/v2\/users\/2"}],"replies":[{"embeddable":true,"href":"https:\/\/digital-experience.pl\/index.php?rest_route=%2Fwp%2Fv2%2Fcomments&post=420"}],"version-history":[{"count":55,"href":"https:\/\/digital-experience.pl\/index.php?rest_route=\/wp\/v2\/pages\/420\/revisions"}],"predecessor-version":[{"id":492,"href":"https:\/\/digital-experience.pl\/index.php?rest_route=\/wp\/v2\/pages\/420\/revisions\/492"}],"wp:attachment":[{"href":"https:\/\/digital-experience.pl\/index.php?rest_route=%2Fwp%2Fv2%2Fmedia&parent=420"}],"curies":[{"name":"wp","href":"https:\/\/api.w.org\/{rel}","templated":true}]}}